{"id":7306,"date":"2022-01-21T10:45:47","date_gmt":"2022-01-21T10:45:47","guid":{"rendered":"https:\/\/www.eurosam.sk\/?post_type=product&#038;p=7306"},"modified":"2025-03-11T11:03:55","modified_gmt":"2025-03-11T11:03:55","slug":"brita-c300-vymenna-filtracna-vlozka-2","status":"publish","type":"product","link":"https:\/\/www.eurosam.sk\/en\/shop\/brita-c300-vymenna-filtracna-vlozka-2\/","title":{"rendered":"Brita C300 &#8211; v\u00fdmenn\u00e1 filtra\u010dn\u00e1 vlo\u017eka"},"content":{"rendered":"<ul>\n<li>Kapacita: 4000l<\/li>\n<li>Tvrdos\u0165 vody: 10\u00b0dH<\/li>\n<li><strong>Max. prev\u00e1dzkov\u00fd tlak:<\/strong> 8,6 bar<\/li>\n<li><strong>Prev\u00e1dzkov\u00e1 teplota:<\/strong>\u00a04\u00a0\u00b0C \u2013 30 \u00b0C<\/li>\n<\/ul>\n","protected":false},"excerpt":{"rendered":"<p>Filtra\u010dn\u00e9 patr\u00f3ny BRITA C boli vyvinut\u00e9 \u0161peci\u00e1lne pre pou\u017eitie v cateringu, na pr\u00edpravu k\u00e1vy a pre automaty, kde zni\u017euj\u00fa tvrdos\u0165 pitnej vody a predch\u00e1dzaj\u00fa tak usadzovaniu vodn\u00e9ho kame\u0148a. Zni\u017euj\u00fa obsah l\u00e1tok, ktor\u00e9 negat\u00edvne ovplyv\u0148uj\u00fa kvalitu a chu\u0165 filtr\u00e1tu, vr\u00e1tane odtokovej vody.<\/p>\n","protected":false},"featured_media":7307,"template":"","meta":[],"acf":[],"yoast_head":"<!-- This site is optimized with the Yoast SEO plugin v21.2 - https:\/\/yoast.com\/wordpress\/plugins\/seo\/ -->\n<title>Brita C300 - v\u00fdmenn\u00e1 filtra\u010dn\u00e1 vlo\u017eka - Eurosam.sk<\/title>\n<meta name=\"robots\" content=\"index, follow, max-snippet:-1, max-image-preview:large, max-video-preview:-1\" \/>\n<link rel=\"canonical\" href=\"https:\/\/www.eurosam.sk\/en\/shop\/brita-c300-vymenna-filtracna-vlozka-2\/\" \/>\n<meta property=\"og:locale\" content=\"en_US\" \/>\n<meta property=\"og:type\" content=\"article\" \/>\n<meta property=\"og:title\" content=\"Brita C300 - v\u00fdmenn\u00e1 filtra\u010dn\u00e1 vlo\u017eka - Eurosam.sk\" \/>\n<meta property=\"og:description\" content=\"Filtra\u010dn\u00e9 patr\u00f3ny BRITA C boli vyvinut\u00e9 \u0161peci\u00e1lne pre pou\u017eitie v cateringu, na pr\u00edpravu k\u00e1vy a pre automaty, kde zni\u017euj\u00fa tvrdos\u0165 pitnej vody a predch\u00e1dzaj\u00fa tak usadzovaniu vodn\u00e9ho kame\u0148a. Zni\u017euj\u00fa obsah l\u00e1tok, ktor\u00e9 negat\u00edvne ovplyv\u0148uj\u00fa kvalitu a chu\u0165 filtr\u00e1tu, vr\u00e1tane odtokovej vody.\" \/>\n<meta property=\"og:url\" content=\"https:\/\/www.eurosam.sk\/shop\/brita-c300-vymenna-filtracna-vlozka-2\/\" \/>\n<meta property=\"og:site_name\" content=\"Eurosam.sk\" \/>\n<meta property=\"article:modified_time\" content=\"2025-03-11T11:03:55+00:00\" \/>\n<meta property=\"og:image\" content=\"https:\/\/www.eurosam.sk\/wp-content\/uploads\/2022\/01\/brita_c300.png\" \/>\n\t<meta property=\"og:image:width\" content=\"504\" \/>\n\t<meta property=\"og:image:height\" content=\"504\" \/>\n\t<meta property=\"og:image:type\" content=\"image\/png\" \/>\n<meta name=\"twitter:card\" content=\"summary_large_image\" \/>\n<script type=\"application\/ld+json\" class=\"yoast-schema-graph\">{\"@context\":\"https:\/\/schema.org\",\"@graph\":[{\"@type\":\"WebPage\",\"@id\":\"https:\/\/www.eurosam.sk\/shop\/brita-c300-vymenna-filtracna-vlozka-2\/\",\"url\":\"https:\/\/www.eurosam.sk\/shop\/brita-c300-vymenna-filtracna-vlozka-2\/\",\"name\":\"Brita C300 - v\u00fdmenn\u00e1 filtra\u010dn\u00e1 vlo\u017eka - Eurosam.sk\",\"isPartOf\":{\"@id\":\"https:\/\/www.eurosam.sk\/#website\"},\"datePublished\":\"2022-01-21T10:45:47+00:00\",\"dateModified\":\"2025-03-11T11:03:55+00:00\",\"breadcrumb\":{\"@id\":\"https:\/\/www.eurosam.sk\/shop\/brita-c300-vymenna-filtracna-vlozka-2\/#breadcrumb\"},\"inLanguage\":\"en-US\",\"potentialAction\":[{\"@type\":\"ReadAction\",\"target\":[\"https:\/\/www.eurosam.sk\/shop\/brita-c300-vymenna-filtracna-vlozka-2\/\"]}]},{\"@type\":\"BreadcrumbList\",\"@id\":\"https:\/\/www.eurosam.sk\/shop\/brita-c300-vymenna-filtracna-vlozka-2\/#breadcrumb\",\"itemListElement\":[{\"@type\":\"ListItem\",\"position\":1,\"name\":\"Home\",\"item\":\"https:\/\/www.eurosam.sk\/\"},{\"@type\":\"ListItem\",\"position\":2,\"name\":\"Configurator\",\"item\":\"https:\/\/www.eurosam.sk\/en\/coffee-machine-configurator\/\"},{\"@type\":\"ListItem\",\"position\":3,\"name\":\"Brita C300 &#8211; v\u00fdmenn\u00e1 filtra\u010dn\u00e1 vlo\u017eka\"}]},{\"@type\":\"WebSite\",\"@id\":\"https:\/\/www.eurosam.sk\/#website\",\"url\":\"https:\/\/www.eurosam.sk\/\",\"name\":\"Eurosam.sk\",\"description\":\"EUROSAM v\u00e1m prin\u00e1\u0161a profesion\u00e1lny postup na pr\u00edpravu dokonalej \u0161\u00e1lky k\u00e1vy.\",\"potentialAction\":[{\"@type\":\"SearchAction\",\"target\":{\"@type\":\"EntryPoint\",\"urlTemplate\":\"https:\/\/www.eurosam.sk\/?s={search_term_string}\"},\"query-input\":\"required name=search_term_string\"}],\"inLanguage\":\"en-US\"}]}<\/script>\n<!-- \/ Yoast SEO plugin. -->","yoast_head_json":{"title":"Brita C300 - v\u00fdmenn\u00e1 filtra\u010dn\u00e1 vlo\u017eka - Eurosam.sk","robots":{"index":"index","follow":"follow","max-snippet":"max-snippet:-1","max-image-preview":"max-image-preview:large","max-video-preview":"max-video-preview:-1"},"canonical":"https:\/\/www.eurosam.sk\/en\/shop\/brita-c300-vymenna-filtracna-vlozka-2\/","og_locale":"en_US","og_type":"article","og_title":"Brita C300 - v\u00fdmenn\u00e1 filtra\u010dn\u00e1 vlo\u017eka - Eurosam.sk","og_description":"Filtra\u010dn\u00e9 patr\u00f3ny BRITA C boli vyvinut\u00e9 \u0161peci\u00e1lne pre pou\u017eitie v cateringu, na pr\u00edpravu k\u00e1vy a pre automaty, kde zni\u017euj\u00fa tvrdos\u0165 pitnej vody a predch\u00e1dzaj\u00fa tak usadzovaniu vodn\u00e9ho kame\u0148a. Zni\u017euj\u00fa obsah l\u00e1tok, ktor\u00e9 negat\u00edvne ovplyv\u0148uj\u00fa kvalitu a chu\u0165 filtr\u00e1tu, vr\u00e1tane odtokovej vody.","og_url":"https:\/\/www.eurosam.sk\/shop\/brita-c300-vymenna-filtracna-vlozka-2\/","og_site_name":"Eurosam.sk","article_modified_time":"2025-03-11T11:03:55+00:00","og_image":[{"width":504,"height":504,"url":"https:\/\/www.eurosam.sk\/wp-content\/uploads\/2022\/01\/brita_c300.png","type":"image\/png"}],"twitter_card":"summary_large_image","schema":{"@context":"https:\/\/schema.org","@graph":[{"@type":"WebPage","@id":"https:\/\/www.eurosam.sk\/shop\/brita-c300-vymenna-filtracna-vlozka-2\/","url":"https:\/\/www.eurosam.sk\/shop\/brita-c300-vymenna-filtracna-vlozka-2\/","name":"Brita C300 - v\u00fdmenn\u00e1 filtra\u010dn\u00e1 vlo\u017eka - Eurosam.sk","isPartOf":{"@id":"https:\/\/www.eurosam.sk\/#website"},"datePublished":"2022-01-21T10:45:47+00:00","dateModified":"2025-03-11T11:03:55+00:00","breadcrumb":{"@id":"https:\/\/www.eurosam.sk\/shop\/brita-c300-vymenna-filtracna-vlozka-2\/#breadcrumb"},"inLanguage":"en-US","potentialAction":[{"@type":"ReadAction","target":["https:\/\/www.eurosam.sk\/shop\/brita-c300-vymenna-filtracna-vlozka-2\/"]}]},{"@type":"BreadcrumbList","@id":"https:\/\/www.eurosam.sk\/shop\/brita-c300-vymenna-filtracna-vlozka-2\/#breadcrumb","itemListElement":[{"@type":"ListItem","position":1,"name":"Home","item":"https:\/\/www.eurosam.sk\/"},{"@type":"ListItem","position":2,"name":"Configurator","item":"https:\/\/www.eurosam.sk\/en\/coffee-machine-configurator\/"},{"@type":"ListItem","position":3,"name":"Brita C300 &#8211; v\u00fdmenn\u00e1 filtra\u010dn\u00e1 vlo\u017eka"}]},{"@type":"WebSite","@id":"https:\/\/www.eurosam.sk\/#website","url":"https:\/\/www.eurosam.sk\/","name":"Eurosam.sk","description":"EUROSAM v\u00e1m prin\u00e1\u0161a profesion\u00e1lny postup na pr\u00edpravu dokonalej \u0161\u00e1lky k\u00e1vy.","potentialAction":[{"@type":"SearchAction","target":{"@type":"EntryPoint","urlTemplate":"https:\/\/www.eurosam.sk\/?s={search_term_string}"},"query-input":"required name=search_term_string"}],"inLanguage":"en-US"}]}},"_links":{"self":[{"href":"https:\/\/www.eurosam.sk\/en\/wp-json\/wp\/v2\/product\/7306\/"}],"collection":[{"href":"https:\/\/www.eurosam.sk\/en\/wp-json\/wp\/v2\/product\/"}],"about":[{"href":"https:\/\/www.eurosam.sk\/en\/wp-json\/wp\/v2\/types\/product\/"}],"wp:featuredmedia":[{"embeddable":true,"href":"https:\/\/www.eurosam.sk\/en\/wp-json\/wp\/v2\/media\/7307\/"}],"wp:attachment":[{"href":"https:\/\/www.eurosam.sk\/en\/wp-json\/wp\/v2\/media\/?parent=7306"}],"curies":[{"name":"wp","href":"https:\/\/api.w.org\/{rel}","templated":true}]}}