{"id":7634,"date":"2022-10-14T12:54:51","date_gmt":"2022-10-14T12:54:51","guid":{"rendered":"https:\/\/www.eurosam.sk\/?post_type=product&#038;p=7634"},"modified":"2026-01-26T16:06:16","modified_gmt":"2026-01-26T16:06:16","slug":"cokolada-extra-fondenta","status":"publish","type":"product","link":"https:\/\/www.eurosam.sk\/en\/shop\/cokolada-extra-fondenta\/","title":{"rendered":"\u010cokol\u00e1da Extra Fondenta (extra tmav\u00e1)"},"content":{"rendered":"<ul>\n<li>Balenie: 36ks x 30g<\/li>\n<li>Celkov\u00e1 hmotnos\u0165 1080g<\/li>\n<li>Vyroben\u00e9 v Taliansku<\/li>\n<\/ul>\n<p>&nbsp;<\/p>\n<ul>\n<li><strong>bezlepkov\u00e1<\/strong><\/li>\n<li><strong>bez GMO<\/strong><\/li>\n<li><strong>bez farb\u00edv<\/strong><\/li>\n<li><strong>bez hydrogenovan\u00fdch tukov<\/strong><\/li>\n<\/ul>\n<p>&nbsp;<\/p>\n<ul>\n<li><strong>Sp\u00f4sob pr\u00edpravy:<\/strong><br \/>\nObsah jednej porcie rozmie\u0161ame so 125ml mlieka a spen\u00edme na parnej tryske k\u00e1vovaru do po\u017eadovanej hustoty a objemu.<\/li>\n<\/ul>\n","protected":false},"excerpt":{"rendered":"<p>Luxusn\u00e1 kr\u00e9mov\u00e1 hust\u00e1 \u010dokol\u00e1da je vyroben\u00e1 pod\u013ea tradi\u010dn\u00fdch recept\u00far talianskych majstrov. Vynikaj\u00faca chu\u0165 s vysok\u00fdm obsahom kakaa zaru\u010duje dokonal\u00fd p\u00f4\u017eitok.<\/p>\n","protected":false},"featured_media":7637,"template":"","meta":[],"acf":[],"yoast_head":"<!-- This site is optimized with the Yoast SEO plugin v21.2 - https:\/\/yoast.com\/wordpress\/plugins\/seo\/ -->\n<title>\u010cokol\u00e1da Extra Fondenta (extra tmav\u00e1) - Eurosam.sk<\/title>\n<meta name=\"robots\" content=\"index, follow, max-snippet:-1, max-image-preview:large, max-video-preview:-1\" \/>\n<link rel=\"canonical\" href=\"https:\/\/www.eurosam.sk\/en\/shop\/cokolada-extra-fondenta\/\" \/>\n<meta property=\"og:locale\" content=\"en_US\" \/>\n<meta property=\"og:type\" content=\"article\" \/>\n<meta property=\"og:title\" content=\"\u010cokol\u00e1da Extra Fondenta (extra tmav\u00e1) - Eurosam.sk\" \/>\n<meta property=\"og:description\" content=\"Luxusn\u00e1 kr\u00e9mov\u00e1 hust\u00e1 \u010dokol\u00e1da je vyroben\u00e1 pod\u013ea tradi\u010dn\u00fdch recept\u00far talianskych majstrov. Vynikaj\u00faca chu\u0165 s vysok\u00fdm obsahom kakaa zaru\u010duje dokonal\u00fd p\u00f4\u017eitok.\" \/>\n<meta property=\"og:url\" content=\"https:\/\/www.eurosam.sk\/shop\/cokolada-extra-fondenta\/\" \/>\n<meta property=\"og:site_name\" content=\"Eurosam.sk\" \/>\n<meta property=\"article:modified_time\" content=\"2026-01-26T16:06:16+00:00\" \/>\n<meta property=\"og:image\" content=\"https:\/\/www.eurosam.sk\/wp-content\/uploads\/2022\/10\/cokolada-extra-fondenta-1.jpg\" \/>\n\t<meta property=\"og:image:width\" content=\"419\" \/>\n\t<meta property=\"og:image:height\" content=\"696\" \/>\n\t<meta property=\"og:image:type\" content=\"image\/jpeg\" \/>\n<meta name=\"twitter:card\" content=\"summary_large_image\" \/>\n<meta name=\"twitter:label1\" content=\"Est. reading time\" \/>\n\t<meta name=\"twitter:data1\" content=\"1 minute\" \/>\n<script type=\"application\/ld+json\" class=\"yoast-schema-graph\">{\"@context\":\"https:\/\/schema.org\",\"@graph\":[{\"@type\":\"WebPage\",\"@id\":\"https:\/\/www.eurosam.sk\/shop\/cokolada-extra-fondenta\/\",\"url\":\"https:\/\/www.eurosam.sk\/shop\/cokolada-extra-fondenta\/\",\"name\":\"\u010cokol\u00e1da Extra Fondenta (extra tmav\u00e1) - Eurosam.sk\",\"isPartOf\":{\"@id\":\"https:\/\/www.eurosam.sk\/#website\"},\"datePublished\":\"2022-10-14T12:54:51+00:00\",\"dateModified\":\"2026-01-26T16:06:16+00:00\",\"breadcrumb\":{\"@id\":\"https:\/\/www.eurosam.sk\/shop\/cokolada-extra-fondenta\/#breadcrumb\"},\"inLanguage\":\"en-US\",\"potentialAction\":[{\"@type\":\"ReadAction\",\"target\":[\"https:\/\/www.eurosam.sk\/shop\/cokolada-extra-fondenta\/\"]}]},{\"@type\":\"BreadcrumbList\",\"@id\":\"https:\/\/www.eurosam.sk\/shop\/cokolada-extra-fondenta\/#breadcrumb\",\"itemListElement\":[{\"@type\":\"ListItem\",\"position\":1,\"name\":\"Home\",\"item\":\"https:\/\/www.eurosam.sk\/\"},{\"@type\":\"ListItem\",\"position\":2,\"name\":\"Configurator\",\"item\":\"https:\/\/www.eurosam.sk\/en\/coffee-machine-configurator\/\"},{\"@type\":\"ListItem\",\"position\":3,\"name\":\"\u010cokol\u00e1da Extra Fondenta (extra tmav\u00e1)\"}]},{\"@type\":\"WebSite\",\"@id\":\"https:\/\/www.eurosam.sk\/#website\",\"url\":\"https:\/\/www.eurosam.sk\/\",\"name\":\"Eurosam.sk\",\"description\":\"EUROSAM v\u00e1m prin\u00e1\u0161a profesion\u00e1lny postup na pr\u00edpravu dokonalej \u0161\u00e1lky k\u00e1vy.\",\"potentialAction\":[{\"@type\":\"SearchAction\",\"target\":{\"@type\":\"EntryPoint\",\"urlTemplate\":\"https:\/\/www.eurosam.sk\/?s={search_term_string}\"},\"query-input\":\"required name=search_term_string\"}],\"inLanguage\":\"en-US\"}]}<\/script>\n<!-- \/ Yoast SEO plugin. -->","yoast_head_json":{"title":"\u010cokol\u00e1da Extra Fondenta (extra tmav\u00e1) - Eurosam.sk","robots":{"index":"index","follow":"follow","max-snippet":"max-snippet:-1","max-image-preview":"max-image-preview:large","max-video-preview":"max-video-preview:-1"},"canonical":"https:\/\/www.eurosam.sk\/en\/shop\/cokolada-extra-fondenta\/","og_locale":"en_US","og_type":"article","og_title":"\u010cokol\u00e1da Extra Fondenta (extra tmav\u00e1) - Eurosam.sk","og_description":"Luxusn\u00e1 kr\u00e9mov\u00e1 hust\u00e1 \u010dokol\u00e1da je vyroben\u00e1 pod\u013ea tradi\u010dn\u00fdch recept\u00far talianskych majstrov. Vynikaj\u00faca chu\u0165 s vysok\u00fdm obsahom kakaa zaru\u010duje dokonal\u00fd p\u00f4\u017eitok.","og_url":"https:\/\/www.eurosam.sk\/shop\/cokolada-extra-fondenta\/","og_site_name":"Eurosam.sk","article_modified_time":"2026-01-26T16:06:16+00:00","og_image":[{"width":419,"height":696,"url":"https:\/\/www.eurosam.sk\/wp-content\/uploads\/2022\/10\/cokolada-extra-fondenta-1.jpg","type":"image\/jpeg"}],"twitter_card":"summary_large_image","twitter_misc":{"Est. reading time":"1 minute"},"schema":{"@context":"https:\/\/schema.org","@graph":[{"@type":"WebPage","@id":"https:\/\/www.eurosam.sk\/shop\/cokolada-extra-fondenta\/","url":"https:\/\/www.eurosam.sk\/shop\/cokolada-extra-fondenta\/","name":"\u010cokol\u00e1da Extra Fondenta (extra tmav\u00e1) - Eurosam.sk","isPartOf":{"@id":"https:\/\/www.eurosam.sk\/#website"},"datePublished":"2022-10-14T12:54:51+00:00","dateModified":"2026-01-26T16:06:16+00:00","breadcrumb":{"@id":"https:\/\/www.eurosam.sk\/shop\/cokolada-extra-fondenta\/#breadcrumb"},"inLanguage":"en-US","potentialAction":[{"@type":"ReadAction","target":["https:\/\/www.eurosam.sk\/shop\/cokolada-extra-fondenta\/"]}]},{"@type":"BreadcrumbList","@id":"https:\/\/www.eurosam.sk\/shop\/cokolada-extra-fondenta\/#breadcrumb","itemListElement":[{"@type":"ListItem","position":1,"name":"Home","item":"https:\/\/www.eurosam.sk\/"},{"@type":"ListItem","position":2,"name":"Configurator","item":"https:\/\/www.eurosam.sk\/en\/coffee-machine-configurator\/"},{"@type":"ListItem","position":3,"name":"\u010cokol\u00e1da Extra Fondenta (extra tmav\u00e1)"}]},{"@type":"WebSite","@id":"https:\/\/www.eurosam.sk\/#website","url":"https:\/\/www.eurosam.sk\/","name":"Eurosam.sk","description":"EUROSAM v\u00e1m prin\u00e1\u0161a profesion\u00e1lny postup na pr\u00edpravu dokonalej \u0161\u00e1lky k\u00e1vy.","potentialAction":[{"@type":"SearchAction","target":{"@type":"EntryPoint","urlTemplate":"https:\/\/www.eurosam.sk\/?s={search_term_string}"},"query-input":"required name=search_term_string"}],"inLanguage":"en-US"}]}},"_links":{"self":[{"href":"https:\/\/www.eurosam.sk\/en\/wp-json\/wp\/v2\/product\/7634\/"}],"collection":[{"href":"https:\/\/www.eurosam.sk\/en\/wp-json\/wp\/v2\/product\/"}],"about":[{"href":"https:\/\/www.eurosam.sk\/en\/wp-json\/wp\/v2\/types\/product\/"}],"wp:featuredmedia":[{"embeddable":true,"href":"https:\/\/www.eurosam.sk\/en\/wp-json\/wp\/v2\/media\/7637\/"}],"wp:attachment":[{"href":"https:\/\/www.eurosam.sk\/en\/wp-json\/wp\/v2\/media\/?parent=7634"}],"curies":[{"name":"wp","href":"https:\/\/api.w.org\/{rel}","templated":true}]}}