{"id":7644,"date":"2022-10-21T12:16:29","date_gmt":"2022-10-21T12:16:29","guid":{"rendered":"https:\/\/www.eurosam.sk\/?post_type=product&#038;p=7644"},"modified":"2024-12-15T20:01:44","modified_gmt":"2024-12-15T20:01:44","slug":"sir-henry-bylinny-caj","status":"publish","type":"product","link":"https:\/\/www.eurosam.sk\/en\/shop\/sir-henry-bylinny-caj\/","title":{"rendered":"Sir Henry &#8211; Bylinn\u00fd \u010daj"},"content":{"rendered":"<ul>\n<li>Balenie: 25 x 1,75g<\/li>\n<li>Balenie kart\u00f3n: 6 krabi\u010diek<\/li>\n<\/ul>\n","protected":false},"excerpt":{"rendered":"<p>Klasick\u00e1 zmes starostlivo vybran\u00fdch byl\u00edn s medovkou, harman\u010dekom, rooibosom a m\u00e4tou piepornou.<\/p>\n","protected":false},"featured_media":7713,"template":"","meta":[],"acf":[],"yoast_head":"<!-- This site is optimized with the Yoast SEO plugin v21.2 - https:\/\/yoast.com\/wordpress\/plugins\/seo\/ -->\n<title>Sir Henry - Bylinn\u00fd \u010daj - Eurosam.sk<\/title>\n<meta name=\"robots\" content=\"index, follow, max-snippet:-1, max-image-preview:large, max-video-preview:-1\" \/>\n<link rel=\"canonical\" href=\"https:\/\/www.eurosam.sk\/en\/shop\/sir-henry-bylinny-caj\/\" \/>\n<meta property=\"og:locale\" content=\"en_US\" \/>\n<meta property=\"og:type\" content=\"article\" \/>\n<meta property=\"og:title\" content=\"Sir Henry - Bylinn\u00fd \u010daj - Eurosam.sk\" \/>\n<meta property=\"og:description\" content=\"Klasick\u00e1 zmes starostlivo vybran\u00fdch byl\u00edn s medovkou, harman\u010dekom, rooibosom a m\u00e4tou piepornou.\" \/>\n<meta property=\"og:url\" content=\"https:\/\/www.eurosam.sk\/shop\/sir-henry-bylinny-caj\/\" \/>\n<meta property=\"og:site_name\" content=\"Eurosam.sk\" \/>\n<meta property=\"article:modified_time\" content=\"2024-12-15T20:01:44+00:00\" \/>\n<meta property=\"og:image\" content=\"https:\/\/www.eurosam.sk\/wp-content\/uploads\/2022\/10\/bylinny.jpg\" \/>\n\t<meta property=\"og:image:width\" content=\"1080\" \/>\n\t<meta property=\"og:image:height\" content=\"1080\" \/>\n\t<meta property=\"og:image:type\" content=\"image\/jpeg\" \/>\n<meta name=\"twitter:card\" content=\"summary_large_image\" \/>\n<meta name=\"twitter:label1\" content=\"Est. reading time\" \/>\n\t<meta name=\"twitter:data1\" content=\"1 minute\" \/>\n<script type=\"application\/ld+json\" class=\"yoast-schema-graph\">{\"@context\":\"https:\/\/schema.org\",\"@graph\":[{\"@type\":\"WebPage\",\"@id\":\"https:\/\/www.eurosam.sk\/shop\/sir-henry-bylinny-caj\/\",\"url\":\"https:\/\/www.eurosam.sk\/shop\/sir-henry-bylinny-caj\/\",\"name\":\"Sir Henry - Bylinn\u00fd \u010daj - Eurosam.sk\",\"isPartOf\":{\"@id\":\"https:\/\/www.eurosam.sk\/#website\"},\"datePublished\":\"2022-10-21T12:16:29+00:00\",\"dateModified\":\"2024-12-15T20:01:44+00:00\",\"breadcrumb\":{\"@id\":\"https:\/\/www.eurosam.sk\/shop\/sir-henry-bylinny-caj\/#breadcrumb\"},\"inLanguage\":\"en-US\",\"potentialAction\":[{\"@type\":\"ReadAction\",\"target\":[\"https:\/\/www.eurosam.sk\/shop\/sir-henry-bylinny-caj\/\"]}]},{\"@type\":\"BreadcrumbList\",\"@id\":\"https:\/\/www.eurosam.sk\/shop\/sir-henry-bylinny-caj\/#breadcrumb\",\"itemListElement\":[{\"@type\":\"ListItem\",\"position\":1,\"name\":\"Home\",\"item\":\"https:\/\/www.eurosam.sk\/\"},{\"@type\":\"ListItem\",\"position\":2,\"name\":\"Configurator\",\"item\":\"https:\/\/www.eurosam.sk\/en\/coffee-machine-configurator\/\"},{\"@type\":\"ListItem\",\"position\":3,\"name\":\"Sir Henry &#8211; Bylinn\u00fd \u010daj\"}]},{\"@type\":\"WebSite\",\"@id\":\"https:\/\/www.eurosam.sk\/#website\",\"url\":\"https:\/\/www.eurosam.sk\/\",\"name\":\"Eurosam.sk\",\"description\":\"EUROSAM v\u00e1m prin\u00e1\u0161a profesion\u00e1lny postup na pr\u00edpravu dokonalej \u0161\u00e1lky k\u00e1vy.\",\"potentialAction\":[{\"@type\":\"SearchAction\",\"target\":{\"@type\":\"EntryPoint\",\"urlTemplate\":\"https:\/\/www.eurosam.sk\/?s={search_term_string}\"},\"query-input\":\"required name=search_term_string\"}],\"inLanguage\":\"en-US\"}]}<\/script>\n<!-- \/ Yoast SEO plugin. -->","yoast_head_json":{"title":"Sir Henry - Bylinn\u00fd \u010daj - Eurosam.sk","robots":{"index":"index","follow":"follow","max-snippet":"max-snippet:-1","max-image-preview":"max-image-preview:large","max-video-preview":"max-video-preview:-1"},"canonical":"https:\/\/www.eurosam.sk\/en\/shop\/sir-henry-bylinny-caj\/","og_locale":"en_US","og_type":"article","og_title":"Sir Henry - Bylinn\u00fd \u010daj - Eurosam.sk","og_description":"Klasick\u00e1 zmes starostlivo vybran\u00fdch byl\u00edn s medovkou, harman\u010dekom, rooibosom a m\u00e4tou piepornou.","og_url":"https:\/\/www.eurosam.sk\/shop\/sir-henry-bylinny-caj\/","og_site_name":"Eurosam.sk","article_modified_time":"2024-12-15T20:01:44+00:00","og_image":[{"width":1080,"height":1080,"url":"https:\/\/www.eurosam.sk\/wp-content\/uploads\/2022\/10\/bylinny.jpg","type":"image\/jpeg"}],"twitter_card":"summary_large_image","twitter_misc":{"Est. reading time":"1 minute"},"schema":{"@context":"https:\/\/schema.org","@graph":[{"@type":"WebPage","@id":"https:\/\/www.eurosam.sk\/shop\/sir-henry-bylinny-caj\/","url":"https:\/\/www.eurosam.sk\/shop\/sir-henry-bylinny-caj\/","name":"Sir Henry - Bylinn\u00fd \u010daj - Eurosam.sk","isPartOf":{"@id":"https:\/\/www.eurosam.sk\/#website"},"datePublished":"2022-10-21T12:16:29+00:00","dateModified":"2024-12-15T20:01:44+00:00","breadcrumb":{"@id":"https:\/\/www.eurosam.sk\/shop\/sir-henry-bylinny-caj\/#breadcrumb"},"inLanguage":"en-US","potentialAction":[{"@type":"ReadAction","target":["https:\/\/www.eurosam.sk\/shop\/sir-henry-bylinny-caj\/"]}]},{"@type":"BreadcrumbList","@id":"https:\/\/www.eurosam.sk\/shop\/sir-henry-bylinny-caj\/#breadcrumb","itemListElement":[{"@type":"ListItem","position":1,"name":"Home","item":"https:\/\/www.eurosam.sk\/"},{"@type":"ListItem","position":2,"name":"Configurator","item":"https:\/\/www.eurosam.sk\/en\/coffee-machine-configurator\/"},{"@type":"ListItem","position":3,"name":"Sir Henry &#8211; Bylinn\u00fd \u010daj"}]},{"@type":"WebSite","@id":"https:\/\/www.eurosam.sk\/#website","url":"https:\/\/www.eurosam.sk\/","name":"Eurosam.sk","description":"EUROSAM v\u00e1m prin\u00e1\u0161a profesion\u00e1lny postup na pr\u00edpravu dokonalej \u0161\u00e1lky k\u00e1vy.","potentialAction":[{"@type":"SearchAction","target":{"@type":"EntryPoint","urlTemplate":"https:\/\/www.eurosam.sk\/?s={search_term_string}"},"query-input":"required name=search_term_string"}],"inLanguage":"en-US"}]}},"_links":{"self":[{"href":"https:\/\/www.eurosam.sk\/en\/wp-json\/wp\/v2\/product\/7644\/"}],"collection":[{"href":"https:\/\/www.eurosam.sk\/en\/wp-json\/wp\/v2\/product\/"}],"about":[{"href":"https:\/\/www.eurosam.sk\/en\/wp-json\/wp\/v2\/types\/product\/"}],"wp:featuredmedia":[{"embeddable":true,"href":"https:\/\/www.eurosam.sk\/en\/wp-json\/wp\/v2\/media\/7713\/"}],"wp:attachment":[{"href":"https:\/\/www.eurosam.sk\/en\/wp-json\/wp\/v2\/media\/?parent=7644"}],"curies":[{"name":"wp","href":"https:\/\/api.w.org\/{rel}","templated":true}]}}