{"id":8422,"date":"2024-01-04T12:59:03","date_gmt":"2024-01-04T12:59:03","guid":{"rendered":"https:\/\/www.eurosam.sk\/?post_type=product&#038;p=8422"},"modified":"2025-06-24T09:30:27","modified_gmt":"2025-06-24T09:30:27","slug":"tchibo-coffea-enjoy","status":"publish","type":"product","link":"https:\/\/www.eurosam.sk\/en\/shop\/tchibo-coffea-enjoy\/","title":{"rendered":"TCHIBO Coffea Enjoy"},"content":{"rendered":"","protected":false},"excerpt":{"rendered":"<p>Tchibo Cofea Enjoy<\/p>\n<p>&#8211; Kompaktn\u00fd a kvalitn\u00fd dizajn<br \/>\n&#8211; Efekt\u00edvny ofre vody v\u010faka dvom 0,7L bojlerom<br \/>\n&#8211; Mo\u017enos\u0165 v\u00fdberu Toping Instentn\u00e9 mlieko alebo \u010dokol\u00e1da<br \/>\n&#8211; Syst\u00e9m s presn\u00fdm meran\u00edm teploty mlieka v\u010faka \u010domu sa dosahuje kvalitn\u00e1 pena pri mlie\u010dnych n\u00e1pojoch<br \/>\n&#8211; Ako doplnkov\u00e9 vybavenie je mo\u017enos\u0165 priobjedna\u0165 Chladni\u010dku 4L ktor\u00e1 zabezpe\u010duje chladenie a hygienick\u00e9 skladovanie mlieka<br \/>\n&#8211; Plne automatick\u00e9 \u010distenie<br \/>\n&#8211; Intuit\u00edvna 10&#8243; dotykov\u00e1 obrazovka<br \/>\n&#8211; Kompatibiln\u00ed s platobn\u00fdmi syst\u00e9mami<\/p>\n<p>&nbsp;<\/p>\n<p>Kapacita stroja\u00a0 \u00a0 \u00a0 \u00a0 \u00a0 \u00a0 \u00a0 \u00a0 \u00a0 \u00a0 \u00a0 \u00a0 \u00a0 \u00a0150 \u0161\u00e1lok \/ de\u0148<br \/>\nTopping\u00a0 \u00a0 \u00a0 \u00a0 \u00a0 \u00a0 \u00a0 \u00a0 \u00a0 \u00a0 \u00a0 \u00a0 \u00a0 \u00a0 \u00a0 \u00a0 \u00a0 \u00a0 \u00a0 \u00a0 \u00c1no<br \/>\n\u010cerstv\u00e9 mlieko\u00a0 \u00a0 \u00a0 \u00a0 \u00a0 \u00a0 \u00a0 \u00a0 \u00a0 \u00a0 \u00a0 \u00a0 \u00a0 \u00a0 \u00c1no<br \/>\nMlie\u010dny syst\u00e9m\u00a0 \u00a0 \u00a0 \u00a0 \u00a0 \u00a0 \u00a0 \u00a0 \u00a0 \u00a0 \u00a0 \u00a0 \u00a0 \u00a0Basic-Milk (tbd)<br \/>\nSparovacia Jednotka\u00a0 \u00a0 \u00a0 \u00a0 \u00a0 \u00a0 \u00a0 \u00a0 \u00a0 20g Nehrdzavej\u00faca oce\u013e<br \/>\nZ\u00e1sobn\u00edk na toping\u00a0 \u00a0 \u00a0 \u00a0 \u00a0 \u00a0 \u00a0 \u00a0 \u00a0 \u00a0 \u00a01 Z\u00e1sobn\u00edk kapacita 1200g<br \/>\nZ\u00e1sobn\u00edk na K\u00e1vu\u00a0 \u00a0 \u00a0 \u00a0 \u00a0 \u00a0 \u00a0 \u00a0 \u00a0 \u00a0 \u00a0 \u00a0 1 Z\u00e1sobn\u00edk kapacita 1500g<br \/>\nPriame napojenie na vodu\u00a0 \u00a0 \u00a0 \u00a0 \u00a0\u00c1no<br \/>\nN\u00e1doba na vodu\u00a0 \u00a0 \u00a0 \u00a0 \u00a0 \u00a0 \u00a0 \u00a0 \u00a0 \u00a0 \u00a0 \u00a0 \u00a0 \u00c1no<br \/>\nMlyn\u010dek\u00a0 \u00a0 \u00a0 \u00a0 \u00a0 \u00a0 \u00a0 \u00a0 \u00a0 \u00a0 \u00a0 \u00a0 \u00a0 \u00a0 \u00a0 \u00a0 \u00a0 \u00a0 \u00a0 \u00a0 \u00a0Keramick\u00e9 mlecie no\u017ee<br \/>\nDisplay\u00a0 \u00a0 \u00a0 \u00a0 \u00a0 \u00a0 \u00a0 \u00a0 \u00a0 \u00a0 \u00a0 \u00a0 \u00a0 \u00a0 \u00a0 \u00a0 \u00a0 \u00a0 \u00a0 \u00a0 \u00a0 10&#8243;<br \/>\nChladni\u010dka na mlieko\u00a0 \u00a0 \u00a0 \u00a0 \u00a0 \u00a0 \u00a0 \u00a0 \u00a0 \u00c1no (doplnkov\u00e9 vybavenie)<\/p>\n","protected":false},"featured_media":8425,"template":"","meta":[],"acf":[],"yoast_head":"<!-- This site is optimized with the Yoast SEO plugin v21.2 - https:\/\/yoast.com\/wordpress\/plugins\/seo\/ -->\n<title>TCHIBO Coffea Enjoy - Eurosam.sk<\/title>\n<meta name=\"robots\" content=\"index, follow, max-snippet:-1, max-image-preview:large, max-video-preview:-1\" \/>\n<link rel=\"canonical\" href=\"https:\/\/www.eurosam.sk\/en\/shop\/tchibo-coffea-enjoy\/\" \/>\n<meta property=\"og:locale\" content=\"en_US\" \/>\n<meta property=\"og:type\" content=\"article\" \/>\n<meta property=\"og:title\" content=\"TCHIBO Coffea Enjoy - Eurosam.sk\" \/>\n<meta property=\"og:description\" content=\"Tchibo Cofea Enjoy  - Kompaktn\u00fd a kvalitn\u00fd dizajn - Efekt\u00edvny ofre vody v\u010faka dvom 0,7L bojlerom - Mo\u017enos\u0165 v\u00fdberu Toping Instentn\u00e9 mlieko alebo \u010dokol\u00e1da - Syst\u00e9m s presn\u00fdm meran\u00edm teploty mlieka v\u010faka \u010domu sa dosahuje kvalitn\u00e1 pena pri mlie\u010dnych n\u00e1pojoch - Ako doplnkov\u00e9 vybavenie je mo\u017enos\u0165 priobjedna\u0165 Chladni\u010dku 4L ktor\u00e1 zabezpe\u010duje chladenie a hygienick\u00e9 skladovanie mlieka - Plne automatick\u00e9 \u010distenie - Intuit\u00edvna 10&quot; dotykov\u00e1 obrazovka - Kompatibiln\u00ed s platobn\u00fdmi syst\u00e9mami  &nbsp;  Kapacita stroja\u00a0 \u00a0 \u00a0 \u00a0 \u00a0 \u00a0 \u00a0 \u00a0 \u00a0 \u00a0 \u00a0 \u00a0 \u00a0 \u00a0150 \u0161\u00e1lok \/ de\u0148 Topping\u00a0 \u00a0 \u00a0 \u00a0 \u00a0 \u00a0 \u00a0 \u00a0 \u00a0 \u00a0 \u00a0 \u00a0 \u00a0 \u00a0 \u00a0 \u00a0 \u00a0 \u00a0 \u00a0 \u00a0 \u00c1no \u010cerstv\u00e9 mlieko\u00a0 \u00a0 \u00a0 \u00a0 \u00a0 \u00a0 \u00a0 \u00a0 \u00a0 \u00a0 \u00a0 \u00a0 \u00a0 \u00a0 \u00c1no Mlie\u010dny syst\u00e9m\u00a0 \u00a0 \u00a0 \u00a0 \u00a0 \u00a0 \u00a0 \u00a0 \u00a0 \u00a0 \u00a0 \u00a0 \u00a0 \u00a0Basic-Milk (tbd) Sparovacia Jednotka\u00a0 \u00a0 \u00a0 \u00a0 \u00a0 \u00a0 \u00a0 \u00a0 \u00a0 20g Nehrdzavej\u00faca oce\u013e Z\u00e1sobn\u00edk na toping\u00a0 \u00a0 \u00a0 \u00a0 \u00a0 \u00a0 \u00a0 \u00a0 \u00a0 \u00a0 \u00a01 Z\u00e1sobn\u00edk kapacita 1200g Z\u00e1sobn\u00edk na K\u00e1vu\u00a0 \u00a0 \u00a0 \u00a0 \u00a0 \u00a0 \u00a0 \u00a0 \u00a0 \u00a0 \u00a0 \u00a0 1 Z\u00e1sobn\u00edk kapacita 1500g Priame napojenie na vodu\u00a0 \u00a0 \u00a0 \u00a0 \u00a0\u00c1no N\u00e1doba na vodu\u00a0 \u00a0 \u00a0 \u00a0 \u00a0 \u00a0 \u00a0 \u00a0 \u00a0 \u00a0 \u00a0 \u00a0 \u00a0 \u00c1no Mlyn\u010dek\u00a0 \u00a0 \u00a0 \u00a0 \u00a0 \u00a0 \u00a0 \u00a0 \u00a0 \u00a0 \u00a0 \u00a0 \u00a0 \u00a0 \u00a0 \u00a0 \u00a0 \u00a0 \u00a0 \u00a0 \u00a0Keramick\u00e9 mlecie no\u017ee Display\u00a0 \u00a0 \u00a0 \u00a0 \u00a0 \u00a0 \u00a0 \u00a0 \u00a0 \u00a0 \u00a0 \u00a0 \u00a0 \u00a0 \u00a0 \u00a0 \u00a0 \u00a0 \u00a0 \u00a0 \u00a0 10&quot; Chladni\u010dka na mlieko\u00a0 \u00a0 \u00a0 \u00a0 \u00a0 \u00a0 \u00a0 \u00a0 \u00a0 \u00c1no (doplnkov\u00e9 vybavenie)\" \/>\n<meta property=\"og:url\" content=\"https:\/\/www.eurosam.sk\/shop\/tchibo-coffea-enjoy\/\" \/>\n<meta property=\"og:site_name\" content=\"Eurosam.sk\" \/>\n<meta property=\"article:modified_time\" content=\"2025-06-24T09:30:27+00:00\" \/>\n<meta property=\"og:image\" content=\"https:\/\/www.eurosam.sk\/wp-content\/uploads\/2024\/01\/coffea_enjoy_front-616x1024.png\" \/>\n\t<meta property=\"og:image:width\" content=\"616\" \/>\n\t<meta property=\"og:image:height\" content=\"1024\" \/>\n\t<meta property=\"og:image:type\" content=\"image\/png\" \/>\n<meta name=\"twitter:card\" content=\"summary_large_image\" \/>\n<script type=\"application\/ld+json\" class=\"yoast-schema-graph\">{\"@context\":\"https:\/\/schema.org\",\"@graph\":[{\"@type\":\"WebPage\",\"@id\":\"https:\/\/www.eurosam.sk\/shop\/tchibo-coffea-enjoy\/\",\"url\":\"https:\/\/www.eurosam.sk\/shop\/tchibo-coffea-enjoy\/\",\"name\":\"TCHIBO Coffea Enjoy - Eurosam.sk\",\"isPartOf\":{\"@id\":\"https:\/\/www.eurosam.sk\/#website\"},\"datePublished\":\"2024-01-04T12:59:03+00:00\",\"dateModified\":\"2025-06-24T09:30:27+00:00\",\"breadcrumb\":{\"@id\":\"https:\/\/www.eurosam.sk\/shop\/tchibo-coffea-enjoy\/#breadcrumb\"},\"inLanguage\":\"en-US\",\"potentialAction\":[{\"@type\":\"ReadAction\",\"target\":[\"https:\/\/www.eurosam.sk\/shop\/tchibo-coffea-enjoy\/\"]}]},{\"@type\":\"BreadcrumbList\",\"@id\":\"https:\/\/www.eurosam.sk\/shop\/tchibo-coffea-enjoy\/#breadcrumb\",\"itemListElement\":[{\"@type\":\"ListItem\",\"position\":1,\"name\":\"Home\",\"item\":\"https:\/\/www.eurosam.sk\/\"},{\"@type\":\"ListItem\",\"position\":2,\"name\":\"Configurator\",\"item\":\"https:\/\/www.eurosam.sk\/en\/coffee-machine-configurator\/\"},{\"@type\":\"ListItem\",\"position\":3,\"name\":\"TCHIBO Coffea Enjoy\"}]},{\"@type\":\"WebSite\",\"@id\":\"https:\/\/www.eurosam.sk\/#website\",\"url\":\"https:\/\/www.eurosam.sk\/\",\"name\":\"Eurosam.sk\",\"description\":\"EUROSAM v\u00e1m prin\u00e1\u0161a profesion\u00e1lny postup na pr\u00edpravu dokonalej \u0161\u00e1lky k\u00e1vy.\",\"potentialAction\":[{\"@type\":\"SearchAction\",\"target\":{\"@type\":\"EntryPoint\",\"urlTemplate\":\"https:\/\/www.eurosam.sk\/?s={search_term_string}\"},\"query-input\":\"required name=search_term_string\"}],\"inLanguage\":\"en-US\"}]}<\/script>\n<!-- \/ Yoast SEO plugin. -->","yoast_head_json":{"title":"TCHIBO Coffea Enjoy - Eurosam.sk","robots":{"index":"index","follow":"follow","max-snippet":"max-snippet:-1","max-image-preview":"max-image-preview:large","max-video-preview":"max-video-preview:-1"},"canonical":"https:\/\/www.eurosam.sk\/en\/shop\/tchibo-coffea-enjoy\/","og_locale":"en_US","og_type":"article","og_title":"TCHIBO Coffea Enjoy - Eurosam.sk","og_description":"Tchibo Cofea Enjoy  - Kompaktn\u00fd a kvalitn\u00fd dizajn - Efekt\u00edvny ofre vody v\u010faka dvom 0,7L bojlerom - Mo\u017enos\u0165 v\u00fdberu Toping Instentn\u00e9 mlieko alebo \u010dokol\u00e1da - Syst\u00e9m s presn\u00fdm meran\u00edm teploty mlieka v\u010faka \u010domu sa dosahuje kvalitn\u00e1 pena pri mlie\u010dnych n\u00e1pojoch - Ako doplnkov\u00e9 vybavenie je mo\u017enos\u0165 priobjedna\u0165 Chladni\u010dku 4L ktor\u00e1 zabezpe\u010duje chladenie a hygienick\u00e9 skladovanie mlieka - Plne automatick\u00e9 \u010distenie - Intuit\u00edvna 10\" dotykov\u00e1 obrazovka - Kompatibiln\u00ed s platobn\u00fdmi syst\u00e9mami  &nbsp;  Kapacita stroja\u00a0 \u00a0 \u00a0 \u00a0 \u00a0 \u00a0 \u00a0 \u00a0 \u00a0 \u00a0 \u00a0 \u00a0 \u00a0 \u00a0150 \u0161\u00e1lok \/ de\u0148 Topping\u00a0 \u00a0 \u00a0 \u00a0 \u00a0 \u00a0 \u00a0 \u00a0 \u00a0 \u00a0 \u00a0 \u00a0 \u00a0 \u00a0 \u00a0 \u00a0 \u00a0 \u00a0 \u00a0 \u00a0 \u00c1no \u010cerstv\u00e9 mlieko\u00a0 \u00a0 \u00a0 \u00a0 \u00a0 \u00a0 \u00a0 \u00a0 \u00a0 \u00a0 \u00a0 \u00a0 \u00a0 \u00a0 \u00c1no Mlie\u010dny syst\u00e9m\u00a0 \u00a0 \u00a0 \u00a0 \u00a0 \u00a0 \u00a0 \u00a0 \u00a0 \u00a0 \u00a0 \u00a0 \u00a0 \u00a0Basic-Milk (tbd) Sparovacia Jednotka\u00a0 \u00a0 \u00a0 \u00a0 \u00a0 \u00a0 \u00a0 \u00a0 \u00a0 20g Nehrdzavej\u00faca oce\u013e Z\u00e1sobn\u00edk na toping\u00a0 \u00a0 \u00a0 \u00a0 \u00a0 \u00a0 \u00a0 \u00a0 \u00a0 \u00a0 \u00a01 Z\u00e1sobn\u00edk kapacita 1200g Z\u00e1sobn\u00edk na K\u00e1vu\u00a0 \u00a0 \u00a0 \u00a0 \u00a0 \u00a0 \u00a0 \u00a0 \u00a0 \u00a0 \u00a0 \u00a0 1 Z\u00e1sobn\u00edk kapacita 1500g Priame napojenie na vodu\u00a0 \u00a0 \u00a0 \u00a0 \u00a0\u00c1no N\u00e1doba na vodu\u00a0 \u00a0 \u00a0 \u00a0 \u00a0 \u00a0 \u00a0 \u00a0 \u00a0 \u00a0 \u00a0 \u00a0 \u00a0 \u00c1no Mlyn\u010dek\u00a0 \u00a0 \u00a0 \u00a0 \u00a0 \u00a0 \u00a0 \u00a0 \u00a0 \u00a0 \u00a0 \u00a0 \u00a0 \u00a0 \u00a0 \u00a0 \u00a0 \u00a0 \u00a0 \u00a0 \u00a0Keramick\u00e9 mlecie no\u017ee Display\u00a0 \u00a0 \u00a0 \u00a0 \u00a0 \u00a0 \u00a0 \u00a0 \u00a0 \u00a0 \u00a0 \u00a0 \u00a0 \u00a0 \u00a0 \u00a0 \u00a0 \u00a0 \u00a0 \u00a0 \u00a0 10\" Chladni\u010dka na mlieko\u00a0 \u00a0 \u00a0 \u00a0 \u00a0 \u00a0 \u00a0 \u00a0 \u00a0 \u00c1no (doplnkov\u00e9 vybavenie)","og_url":"https:\/\/www.eurosam.sk\/shop\/tchibo-coffea-enjoy\/","og_site_name":"Eurosam.sk","article_modified_time":"2025-06-24T09:30:27+00:00","og_image":[{"width":"616","height":"1024","url":"https:\/\/www.eurosam.sk\/wp-content\/uploads\/2024\/01\/coffea_enjoy_front-616x1024.png","type":"image\/png"}],"twitter_card":"summary_large_image","schema":{"@context":"https:\/\/schema.org","@graph":[{"@type":"WebPage","@id":"https:\/\/www.eurosam.sk\/shop\/tchibo-coffea-enjoy\/","url":"https:\/\/www.eurosam.sk\/shop\/tchibo-coffea-enjoy\/","name":"TCHIBO Coffea Enjoy - Eurosam.sk","isPartOf":{"@id":"https:\/\/www.eurosam.sk\/#website"},"datePublished":"2024-01-04T12:59:03+00:00","dateModified":"2025-06-24T09:30:27+00:00","breadcrumb":{"@id":"https:\/\/www.eurosam.sk\/shop\/tchibo-coffea-enjoy\/#breadcrumb"},"inLanguage":"en-US","potentialAction":[{"@type":"ReadAction","target":["https:\/\/www.eurosam.sk\/shop\/tchibo-coffea-enjoy\/"]}]},{"@type":"BreadcrumbList","@id":"https:\/\/www.eurosam.sk\/shop\/tchibo-coffea-enjoy\/#breadcrumb","itemListElement":[{"@type":"ListItem","position":1,"name":"Home","item":"https:\/\/www.eurosam.sk\/"},{"@type":"ListItem","position":2,"name":"Configurator","item":"https:\/\/www.eurosam.sk\/en\/coffee-machine-configurator\/"},{"@type":"ListItem","position":3,"name":"TCHIBO Coffea Enjoy"}]},{"@type":"WebSite","@id":"https:\/\/www.eurosam.sk\/#website","url":"https:\/\/www.eurosam.sk\/","name":"Eurosam.sk","description":"EUROSAM v\u00e1m prin\u00e1\u0161a profesion\u00e1lny postup na pr\u00edpravu dokonalej \u0161\u00e1lky k\u00e1vy.","potentialAction":[{"@type":"SearchAction","target":{"@type":"EntryPoint","urlTemplate":"https:\/\/www.eurosam.sk\/?s={search_term_string}"},"query-input":"required name=search_term_string"}],"inLanguage":"en-US"}]}},"_links":{"self":[{"href":"https:\/\/www.eurosam.sk\/en\/wp-json\/wp\/v2\/product\/8422\/"}],"collection":[{"href":"https:\/\/www.eurosam.sk\/en\/wp-json\/wp\/v2\/product\/"}],"about":[{"href":"https:\/\/www.eurosam.sk\/en\/wp-json\/wp\/v2\/types\/product\/"}],"wp:featuredmedia":[{"embeddable":true,"href":"https:\/\/www.eurosam.sk\/en\/wp-json\/wp\/v2\/media\/8425\/"}],"wp:attachment":[{"href":"https:\/\/www.eurosam.sk\/en\/wp-json\/wp\/v2\/media\/?parent=8422"}],"curies":[{"name":"wp","href":"https:\/\/api.w.org\/{rel}","templated":true}]}}