{"id":8480,"date":"2024-01-31T20:50:08","date_gmt":"2024-01-31T20:50:08","guid":{"rendered":"https:\/\/www.eurosam.sk\/?post_type=product&#038;p=8480"},"modified":"2025-03-10T18:51:03","modified_gmt":"2025-03-10T18:51:03","slug":"mahlkonig-e80s","status":"publish","type":"product","link":"https:\/\/www.eurosam.sk\/en\/shop\/mahlkonig-e80s\/","title":{"rendered":"Mahlk\u00f6nig E80S"},"content":{"rendered":"<ul>\n<li style=\"list-style-type: none;\">\n<ul>\n<li><strong>Vo\u013enobe\u017en\u00e9 ot\u00e1\u010dky:<\/strong> 1400 ot.\/min<\/li>\n<li><strong>Priemer fr\u00e9zy:\u00a0<\/strong> 80 mm<\/li>\n<li><strong>Materi\u00e1l fr\u00e9zy:\u00a0<\/strong> \u0160peci\u00e1lna oce\u013e<\/li>\n<li><strong>Priemern\u00fd v\u00fdkon mletia*:<\/strong> cca. 6-7 g\/s pri 250 \u00b5m<\/li>\n<li><strong>Kapacita z\u00e1sobn\u00edka na zrn\u00e1:\u00a0<\/strong>cca. 1800 g<\/li>\n<li><strong>Rozmery (\u0161xvxh): <\/strong>\u00a024 x 63 x 34 cm<\/li>\n<li><strong>Rozmery balenia (\u0161 xvxh):<\/strong>69.7 x 28.7 x 47.5 cm<\/li>\n<li><strong>Hmotnos\u0165 netto:\u00a0<\/strong> 17.6 kg<\/li>\n<li><strong>Hrub\u00e1 hmotnos\u0165:\u00a0<\/strong> 19.4 kg<\/li>\n<li><strong>Certifik\u00e1ty:\u00a0<\/strong>\u00a0CE, CB, CCC, ETL, KC, NSF, PSE, RCM<\/li>\n<\/ul>\n<\/li>\n<\/ul>\n","protected":false},"excerpt":{"rendered":"<p>E80S nastavuje nov\u00fd \u0161tandard v mlet\u00ed pr\u00e9miov\u00e9ho espressa. Poskytuje \u0161pi\u010dkov\u00fa r\u00fdchlos\u0165 mletia a bez n\u00e1mahy si porad\u00ed s vysok\u00fdmi denn\u00fdmi kapacitami. Jeho exkluz\u00edvne navrhnut\u00e1 geometria mlec\u00edch no\u017eov a profil mletia prekon\u00e1vaj\u00fa aj tie najvy\u0161\u0161ie n\u00e1roky a umo\u017e\u0148uj\u00fa dokonal\u00fa extrakciu pre vynikaj\u00faci chu\u0165ov\u00fd z\u00e1\u017eitok. Priekopn\u00edcka patentovan\u00e1 detekcia vzdialenosti disku od spolo\u010dnosti Mahlk\u00f6nig v\u00e1m umo\u017e\u0148uje nastavi\u0165 stupe\u0148 jemnosti na z\u00e1klade skuto\u010dnej vzdialenosti medzi otrepmi. Udr\u017eiavanie perfektn\u00fdch individu\u00e1lnych nastaven\u00ed mlyn\u010deka nebolo nikdy tak\u00e9 jednoduch\u00e9, a predsa tak\u00e9 presn\u00e9. Objavte \u201eGrinding Unlimited\u201c \u2013 s E80S.<\/p>\n<h2><strong>Technick\u00e1 \u0161pecifik\u00e1cia:<\/strong><\/h2>\n<p>Vo\u013enobe\u017en\u00e9 ot\u00e1\u010dky: 1400 ot.\/min<br \/>\nPriemer fr\u00e9zy:\u00a0 80 mm<br \/>\nMateri\u00e1l fr\u00e9zy:\u00a0 \u0160peci\u00e1lna oce\u013e<br \/>\nPriemern\u00fd v\u00fdkon mletia*: cca. 6-7 g\/s pri 250 \u00b5m<br \/>\nKapacita z\u00e1sobn\u00edka na zrn\u00e1:\u00a0cca. 1800 g<br \/>\nRozmery (\u0161xvxh): \u00a024 x 63 x 34 cm<br \/>\nRozmery balenia (\u0161 xvxh):69.7 x 28.7 x 47.5 cm<br \/>\nHmotnos\u0165 netto:\u00a0 17.6 kg<br \/>\nHrub\u00e1 hmotnos\u0165:\u00a0 19.4 kg<br \/>\nCertifik\u00e1ty:\u00a0\u00a0CE, CB, CCC, ETL, KC, NSF, PSE, RCM<\/p>\n","protected":false},"featured_media":8481,"template":"","meta":[],"acf":[],"yoast_head":"<!-- This site is optimized with the Yoast SEO plugin v21.2 - https:\/\/yoast.com\/wordpress\/plugins\/seo\/ -->\n<title>Mahlk\u00f6nig E80S - Eurosam.sk<\/title>\n<meta name=\"robots\" content=\"index, follow, max-snippet:-1, max-image-preview:large, max-video-preview:-1\" \/>\n<link rel=\"canonical\" href=\"https:\/\/www.eurosam.sk\/en\/shop\/mahlkonig-e80s\/\" \/>\n<meta property=\"og:locale\" content=\"en_US\" \/>\n<meta property=\"og:type\" content=\"article\" \/>\n<meta property=\"og:title\" content=\"Mahlk\u00f6nig E80S - Eurosam.sk\" \/>\n<meta property=\"og:description\" content=\"E80S nastavuje nov\u00fd \u0161tandard v mlet\u00ed pr\u00e9miov\u00e9ho espressa. Poskytuje \u0161pi\u010dkov\u00fa r\u00fdchlos\u0165 mletia a bez n\u00e1mahy si porad\u00ed s vysok\u00fdmi denn\u00fdmi kapacitami. Jeho exkluz\u00edvne navrhnut\u00e1 geometria mlec\u00edch no\u017eov a profil mletia prekon\u00e1vaj\u00fa aj tie najvy\u0161\u0161ie n\u00e1roky a umo\u017e\u0148uj\u00fa dokonal\u00fa extrakciu pre vynikaj\u00faci chu\u0165ov\u00fd z\u00e1\u017eitok. Priekopn\u00edcka patentovan\u00e1 detekcia vzdialenosti disku od spolo\u010dnosti Mahlk\u00f6nig v\u00e1m umo\u017e\u0148uje nastavi\u0165 stupe\u0148 jemnosti na z\u00e1klade skuto\u010dnej vzdialenosti medzi otrepmi. Udr\u017eiavanie perfektn\u00fdch individu\u00e1lnych nastaven\u00ed mlyn\u010deka nebolo nikdy tak\u00e9 jednoduch\u00e9, a predsa tak\u00e9 presn\u00e9. Objavte \u201eGrinding Unlimited\u201c \u2013 s E80S. Technick\u00e1 \u0161pecifik\u00e1cia: Vo\u013enobe\u017en\u00e9 ot\u00e1\u010dky: 1400 ot.\/min Priemer fr\u00e9zy:\u00a0 80 mm Materi\u00e1l fr\u00e9zy:\u00a0 \u0160peci\u00e1lna oce\u013e Priemern\u00fd v\u00fdkon mletia*: cca. 6-7 g\/s pri 250 \u00b5m Kapacita z\u00e1sobn\u00edka na zrn\u00e1:\u00a0cca. 1800 g Rozmery (\u0161xvxh): \u00a024 x 63 x 34 cm Rozmery balenia (\u0161 xvxh):69.7 x 28.7 x 47.5 cm Hmotnos\u0165 netto:\u00a0 17.6 kg Hrub\u00e1 hmotnos\u0165:\u00a0 19.4 kg Certifik\u00e1ty:\u00a0\u00a0CE, CB, CCC, ETL, KC, NSF, PSE, RCM\" \/>\n<meta property=\"og:url\" content=\"https:\/\/www.eurosam.sk\/shop\/mahlkonig-e80s\/\" \/>\n<meta property=\"og:site_name\" content=\"Eurosam.sk\" \/>\n<meta property=\"article:modified_time\" content=\"2025-03-10T18:51:03+00:00\" \/>\n<meta property=\"og:image\" content=\"https:\/\/www.eurosam.sk\/wp-content\/uploads\/2024\/01\/e80s.jpg\" \/>\n\t<meta property=\"og:image:width\" content=\"823\" \/>\n\t<meta property=\"og:image:height\" content=\"823\" \/>\n\t<meta property=\"og:image:type\" content=\"image\/jpeg\" \/>\n<meta name=\"twitter:card\" content=\"summary_large_image\" \/>\n<meta name=\"twitter:label1\" content=\"Est. reading time\" \/>\n\t<meta name=\"twitter:data1\" content=\"1 minute\" \/>\n<script type=\"application\/ld+json\" class=\"yoast-schema-graph\">{\"@context\":\"https:\/\/schema.org\",\"@graph\":[{\"@type\":\"WebPage\",\"@id\":\"https:\/\/www.eurosam.sk\/shop\/mahlkonig-e80s\/\",\"url\":\"https:\/\/www.eurosam.sk\/shop\/mahlkonig-e80s\/\",\"name\":\"Mahlk\u00f6nig E80S - Eurosam.sk\",\"isPartOf\":{\"@id\":\"https:\/\/www.eurosam.sk\/#website\"},\"datePublished\":\"2024-01-31T20:50:08+00:00\",\"dateModified\":\"2025-03-10T18:51:03+00:00\",\"breadcrumb\":{\"@id\":\"https:\/\/www.eurosam.sk\/shop\/mahlkonig-e80s\/#breadcrumb\"},\"inLanguage\":\"en-US\",\"potentialAction\":[{\"@type\":\"ReadAction\",\"target\":[\"https:\/\/www.eurosam.sk\/shop\/mahlkonig-e80s\/\"]}]},{\"@type\":\"BreadcrumbList\",\"@id\":\"https:\/\/www.eurosam.sk\/shop\/mahlkonig-e80s\/#breadcrumb\",\"itemListElement\":[{\"@type\":\"ListItem\",\"position\":1,\"name\":\"Home\",\"item\":\"https:\/\/www.eurosam.sk\/\"},{\"@type\":\"ListItem\",\"position\":2,\"name\":\"Configurator\",\"item\":\"https:\/\/www.eurosam.sk\/en\/coffee-machine-configurator\/\"},{\"@type\":\"ListItem\",\"position\":3,\"name\":\"Mahlk\u00f6nig E80S\"}]},{\"@type\":\"WebSite\",\"@id\":\"https:\/\/www.eurosam.sk\/#website\",\"url\":\"https:\/\/www.eurosam.sk\/\",\"name\":\"Eurosam.sk\",\"description\":\"EUROSAM v\u00e1m prin\u00e1\u0161a profesion\u00e1lny postup na pr\u00edpravu dokonalej \u0161\u00e1lky k\u00e1vy.\",\"potentialAction\":[{\"@type\":\"SearchAction\",\"target\":{\"@type\":\"EntryPoint\",\"urlTemplate\":\"https:\/\/www.eurosam.sk\/?s={search_term_string}\"},\"query-input\":\"required name=search_term_string\"}],\"inLanguage\":\"en-US\"}]}<\/script>\n<!-- \/ Yoast SEO plugin. -->","yoast_head_json":{"title":"Mahlk\u00f6nig E80S - Eurosam.sk","robots":{"index":"index","follow":"follow","max-snippet":"max-snippet:-1","max-image-preview":"max-image-preview:large","max-video-preview":"max-video-preview:-1"},"canonical":"https:\/\/www.eurosam.sk\/en\/shop\/mahlkonig-e80s\/","og_locale":"en_US","og_type":"article","og_title":"Mahlk\u00f6nig E80S - Eurosam.sk","og_description":"E80S nastavuje nov\u00fd \u0161tandard v mlet\u00ed pr\u00e9miov\u00e9ho espressa. Poskytuje \u0161pi\u010dkov\u00fa r\u00fdchlos\u0165 mletia a bez n\u00e1mahy si porad\u00ed s vysok\u00fdmi denn\u00fdmi kapacitami. Jeho exkluz\u00edvne navrhnut\u00e1 geometria mlec\u00edch no\u017eov a profil mletia prekon\u00e1vaj\u00fa aj tie najvy\u0161\u0161ie n\u00e1roky a umo\u017e\u0148uj\u00fa dokonal\u00fa extrakciu pre vynikaj\u00faci chu\u0165ov\u00fd z\u00e1\u017eitok. Priekopn\u00edcka patentovan\u00e1 detekcia vzdialenosti disku od spolo\u010dnosti Mahlk\u00f6nig v\u00e1m umo\u017e\u0148uje nastavi\u0165 stupe\u0148 jemnosti na z\u00e1klade skuto\u010dnej vzdialenosti medzi otrepmi. Udr\u017eiavanie perfektn\u00fdch individu\u00e1lnych nastaven\u00ed mlyn\u010deka nebolo nikdy tak\u00e9 jednoduch\u00e9, a predsa tak\u00e9 presn\u00e9. Objavte \u201eGrinding Unlimited\u201c \u2013 s E80S. Technick\u00e1 \u0161pecifik\u00e1cia: Vo\u013enobe\u017en\u00e9 ot\u00e1\u010dky: 1400 ot.\/min Priemer fr\u00e9zy:\u00a0 80 mm Materi\u00e1l fr\u00e9zy:\u00a0 \u0160peci\u00e1lna oce\u013e Priemern\u00fd v\u00fdkon mletia*: cca. 6-7 g\/s pri 250 \u00b5m Kapacita z\u00e1sobn\u00edka na zrn\u00e1:\u00a0cca. 1800 g Rozmery (\u0161xvxh): \u00a024 x 63 x 34 cm Rozmery balenia (\u0161 xvxh):69.7 x 28.7 x 47.5 cm Hmotnos\u0165 netto:\u00a0 17.6 kg Hrub\u00e1 hmotnos\u0165:\u00a0 19.4 kg Certifik\u00e1ty:\u00a0\u00a0CE, CB, CCC, ETL, KC, NSF, PSE, RCM","og_url":"https:\/\/www.eurosam.sk\/shop\/mahlkonig-e80s\/","og_site_name":"Eurosam.sk","article_modified_time":"2025-03-10T18:51:03+00:00","og_image":[{"width":"823","height":"823","url":"https:\/\/www.eurosam.sk\/wp-content\/uploads\/2024\/01\/e80s.jpg","type":"image\/jpeg"}],"twitter_card":"summary_large_image","twitter_misc":{"Est. reading time":"1 minute"},"schema":{"@context":"https:\/\/schema.org","@graph":[{"@type":"WebPage","@id":"https:\/\/www.eurosam.sk\/shop\/mahlkonig-e80s\/","url":"https:\/\/www.eurosam.sk\/shop\/mahlkonig-e80s\/","name":"Mahlk\u00f6nig E80S - Eurosam.sk","isPartOf":{"@id":"https:\/\/www.eurosam.sk\/#website"},"datePublished":"2024-01-31T20:50:08+00:00","dateModified":"2025-03-10T18:51:03+00:00","breadcrumb":{"@id":"https:\/\/www.eurosam.sk\/shop\/mahlkonig-e80s\/#breadcrumb"},"inLanguage":"en-US","potentialAction":[{"@type":"ReadAction","target":["https:\/\/www.eurosam.sk\/shop\/mahlkonig-e80s\/"]}]},{"@type":"BreadcrumbList","@id":"https:\/\/www.eurosam.sk\/shop\/mahlkonig-e80s\/#breadcrumb","itemListElement":[{"@type":"ListItem","position":1,"name":"Home","item":"https:\/\/www.eurosam.sk\/"},{"@type":"ListItem","position":2,"name":"Configurator","item":"https:\/\/www.eurosam.sk\/en\/coffee-machine-configurator\/"},{"@type":"ListItem","position":3,"name":"Mahlk\u00f6nig E80S"}]},{"@type":"WebSite","@id":"https:\/\/www.eurosam.sk\/#website","url":"https:\/\/www.eurosam.sk\/","name":"Eurosam.sk","description":"EUROSAM v\u00e1m prin\u00e1\u0161a profesion\u00e1lny postup na pr\u00edpravu dokonalej \u0161\u00e1lky k\u00e1vy.","potentialAction":[{"@type":"SearchAction","target":{"@type":"EntryPoint","urlTemplate":"https:\/\/www.eurosam.sk\/?s={search_term_string}"},"query-input":"required name=search_term_string"}],"inLanguage":"en-US"}]}},"_links":{"self":[{"href":"https:\/\/www.eurosam.sk\/en\/wp-json\/wp\/v2\/product\/8480\/"}],"collection":[{"href":"https:\/\/www.eurosam.sk\/en\/wp-json\/wp\/v2\/product\/"}],"about":[{"href":"https:\/\/www.eurosam.sk\/en\/wp-json\/wp\/v2\/types\/product\/"}],"wp:featuredmedia":[{"embeddable":true,"href":"https:\/\/www.eurosam.sk\/en\/wp-json\/wp\/v2\/media\/8481\/"}],"wp:attachment":[{"href":"https:\/\/www.eurosam.sk\/en\/wp-json\/wp\/v2\/media\/?parent=8480"}],"curies":[{"name":"wp","href":"https:\/\/api.w.org\/{rel}","templated":true}]}}