{"id":8486,"date":"2024-01-31T21:31:39","date_gmt":"2024-01-31T21:31:39","guid":{"rendered":"https:\/\/www.eurosam.sk\/?post_type=product&#038;p=8486"},"modified":"2025-03-10T20:22:08","modified_gmt":"2025-03-10T20:22:08","slug":"mahlkonig-guatemala-guatemala-sb","status":"publish","type":"product","link":"https:\/\/www.eurosam.sk\/en\/shop\/mahlkonig-guatemala-guatemala-sb\/","title":{"rendered":"Mahlk\u00f6nig Guatemala \/ Guatemala SB"},"content":{"rendered":"<ul>\n<li style=\"list-style-type: none;\">\n<ul>\n<li><strong>Vo\u013enobe\u017en\u00e9 ot\u00e1\u010dky:<\/strong> 2900 ot.\/min<\/li>\n<li><strong>Priemer fr\u00e9zy:\u00a0 <\/strong>71\u00a0mm<\/li>\n<li><strong>Materi\u00e1l fr\u00e9zy:\u00a0<\/strong> \u0160peci\u00e1lna oce\u013e<\/li>\n<li><strong>Priemern\u00fd v\u00fdkon mletia*:<\/strong> cca. 800-900 g\/min; 13-15 g\/s<\/li>\n<li><strong>Kapacita z\u00e1sobn\u00edka na zrn\u00e1:\u00a0<\/strong>cca. 900 g<\/li>\n<li><strong>Rozmery (\u0161xvxh): <\/strong> 22 x 62 x 33 cm<\/li>\n<li><strong>Rozmery balenia (\u0161 xvxh):\u00a0<\/strong>47 x\u00a030 x 70 cm<\/li>\n<li><strong>Hmotnos\u0165 netto:\u00a0<\/strong> 28 kg<\/li>\n<li><strong>Hrub\u00e1 hmotnos\u0165:\u00a0<\/strong> 30 kg<\/li>\n<li><strong>Certifik\u00e1ty:\u00a0<\/strong> CE, CB, ETL Safety, ETL Sanitation<\/li>\n<\/ul>\n<\/li>\n<\/ul>\n","protected":false},"excerpt":{"rendered":"<p>Mahlk\u00f6nig predstavuje prepracovan\u00fa verziu ob\u013e\u00faben\u00e9ho mlyn\u010deka Guatemala. Klasika pre\u0161la face-liftom pri zachovan\u00ed ob\u013e\u00faben\u00fdch a overen\u00fdch technick\u00fdch \u0161pecifik\u00e1ci\u00ed. Okrem nov\u00e9ho dizajnu prich\u00e1dza t\u00e1to klasika s novou geometriou no\u017eou, zv\u00fd\u0161enou kapacitou z\u00e1sobn\u00edka a elegantn\u00fdm celohlin\u00edkov\u00fdm telom pre maxim\u00e1lnu \u017eivotnos\u0165.<br \/>\n\u200b<\/p>\n<h2><strong>Technick\u00e1 \u0161pecifik\u00e1cia:<\/strong><\/h2>\n<p>Vo\u013enobe\u017en\u00e9 ot\u00e1\u010dky: 2900 ot.\/min<br \/>\nPriemer fr\u00e9zy:\u00a0 71\u00a0mm<br \/>\nMateri\u00e1l fr\u00e9zy:\u00a0 \u0160peci\u00e1lna oce\u013e<br \/>\nPriemern\u00fd v\u00fdkon mletia*: cca. 800-900 g\/min; 13-15 g\/s<br \/>\nKapacita z\u00e1sobn\u00edka na zrn\u00e1:\u00a0cca. 900 g<br \/>\nRozmery (\u0161xvxh): 22 x 62 x 33 cm<br \/>\nRozmery balenia (\u0161 xvxh):\u00a047 x\u00a030 x 70 cm<br \/>\nHmotnos\u0165 netto:\u00a0 28 kg<br \/>\nHrub\u00e1 hmotnos\u0165:\u00a0 30 kg<br \/>\nCertifik\u00e1ty:\u00a0 CE, CB, ETL Safety, ETL Sanitation<\/p>\n<p>Verzia Guatemala Je vybaven\u00e1 dr\u017eiakom s\u00e1\u010dku a verzia SB vibra\u010dn\u00fdm ko\u0161om.<\/p>\n","protected":false},"featured_media":8487,"template":"","meta":[],"acf":[],"yoast_head":"<!-- This site is optimized with the Yoast SEO plugin v21.2 - https:\/\/yoast.com\/wordpress\/plugins\/seo\/ -->\n<title>Mahlk\u00f6nig Guatemala \/ Guatemala SB - Eurosam.sk<\/title>\n<meta name=\"robots\" content=\"index, follow, max-snippet:-1, max-image-preview:large, max-video-preview:-1\" \/>\n<link rel=\"canonical\" href=\"https:\/\/www.eurosam.sk\/en\/shop\/mahlkonig-guatemala-guatemala-sb\/\" \/>\n<meta property=\"og:locale\" content=\"en_US\" \/>\n<meta property=\"og:type\" content=\"article\" \/>\n<meta property=\"og:title\" content=\"Mahlk\u00f6nig Guatemala \/ Guatemala SB - Eurosam.sk\" \/>\n<meta property=\"og:description\" content=\"Mahlk\u00f6nig predstavuje prepracovan\u00fa verziu ob\u013e\u00faben\u00e9ho mlyn\u010deka Guatemala. Klasika pre\u0161la face-liftom pri zachovan\u00ed ob\u013e\u00faben\u00fdch a overen\u00fdch technick\u00fdch \u0161pecifik\u00e1ci\u00ed. Okrem nov\u00e9ho dizajnu prich\u00e1dza t\u00e1to klasika s novou geometriou no\u017eou, zv\u00fd\u0161enou kapacitou z\u00e1sobn\u00edka a elegantn\u00fdm celohlin\u00edkov\u00fdm telom pre maxim\u00e1lnu \u017eivotnos\u0165. \u200b Technick\u00e1 \u0161pecifik\u00e1cia: Vo\u013enobe\u017en\u00e9 ot\u00e1\u010dky: 2900 ot.\/min Priemer fr\u00e9zy:\u00a0 71\u00a0mm Materi\u00e1l fr\u00e9zy:\u00a0 \u0160peci\u00e1lna oce\u013e Priemern\u00fd v\u00fdkon mletia*: cca. 800-900 g\/min; 13-15 g\/s Kapacita z\u00e1sobn\u00edka na zrn\u00e1:\u00a0cca. 900 g Rozmery (\u0161xvxh): 22 x 62 x 33 cm Rozmery balenia (\u0161 xvxh):\u00a047 x\u00a030 x 70 cm Hmotnos\u0165 netto:\u00a0 28 kg Hrub\u00e1 hmotnos\u0165:\u00a0 30 kg Certifik\u00e1ty:\u00a0 CE, CB, ETL Safety, ETL Sanitation  Verzia Guatemala Je vybaven\u00e1 dr\u017eiakom s\u00e1\u010dku a verzia SB vibra\u010dn\u00fdm ko\u0161om.\" \/>\n<meta property=\"og:url\" content=\"https:\/\/www.eurosam.sk\/shop\/mahlkonig-guatemala-guatemala-sb\/\" \/>\n<meta property=\"og:site_name\" content=\"Eurosam.sk\" \/>\n<meta property=\"article:modified_time\" content=\"2025-03-10T20:22:08+00:00\" \/>\n<meta property=\"og:image\" content=\"https:\/\/www.eurosam.sk\/wp-content\/uploads\/2024\/01\/Guatemala-SB.webp\" \/>\n\t<meta property=\"og:image:width\" content=\"1100\" \/>\n\t<meta property=\"og:image:height\" content=\"1750\" \/>\n\t<meta property=\"og:image:type\" content=\"image\/webp\" \/>\n<meta name=\"twitter:card\" content=\"summary_large_image\" \/>\n<meta name=\"twitter:label1\" content=\"Est. reading time\" \/>\n\t<meta name=\"twitter:data1\" content=\"1 minute\" \/>\n<script type=\"application\/ld+json\" class=\"yoast-schema-graph\">{\"@context\":\"https:\/\/schema.org\",\"@graph\":[{\"@type\":\"WebPage\",\"@id\":\"https:\/\/www.eurosam.sk\/shop\/mahlkonig-guatemala-guatemala-sb\/\",\"url\":\"https:\/\/www.eurosam.sk\/shop\/mahlkonig-guatemala-guatemala-sb\/\",\"name\":\"Mahlk\u00f6nig Guatemala \/ Guatemala SB - Eurosam.sk\",\"isPartOf\":{\"@id\":\"https:\/\/www.eurosam.sk\/#website\"},\"datePublished\":\"2024-01-31T21:31:39+00:00\",\"dateModified\":\"2025-03-10T20:22:08+00:00\",\"breadcrumb\":{\"@id\":\"https:\/\/www.eurosam.sk\/shop\/mahlkonig-guatemala-guatemala-sb\/#breadcrumb\"},\"inLanguage\":\"en-US\",\"potentialAction\":[{\"@type\":\"ReadAction\",\"target\":[\"https:\/\/www.eurosam.sk\/shop\/mahlkonig-guatemala-guatemala-sb\/\"]}]},{\"@type\":\"BreadcrumbList\",\"@id\":\"https:\/\/www.eurosam.sk\/shop\/mahlkonig-guatemala-guatemala-sb\/#breadcrumb\",\"itemListElement\":[{\"@type\":\"ListItem\",\"position\":1,\"name\":\"Home\",\"item\":\"https:\/\/www.eurosam.sk\/\"},{\"@type\":\"ListItem\",\"position\":2,\"name\":\"Configurator\",\"item\":\"https:\/\/www.eurosam.sk\/en\/coffee-machine-configurator\/\"},{\"@type\":\"ListItem\",\"position\":3,\"name\":\"Mahlk\u00f6nig Guatemala \/ Guatemala SB\"}]},{\"@type\":\"WebSite\",\"@id\":\"https:\/\/www.eurosam.sk\/#website\",\"url\":\"https:\/\/www.eurosam.sk\/\",\"name\":\"Eurosam.sk\",\"description\":\"EUROSAM v\u00e1m prin\u00e1\u0161a profesion\u00e1lny postup na pr\u00edpravu dokonalej \u0161\u00e1lky k\u00e1vy.\",\"potentialAction\":[{\"@type\":\"SearchAction\",\"target\":{\"@type\":\"EntryPoint\",\"urlTemplate\":\"https:\/\/www.eurosam.sk\/?s={search_term_string}\"},\"query-input\":\"required name=search_term_string\"}],\"inLanguage\":\"en-US\"}]}<\/script>\n<!-- \/ Yoast SEO plugin. -->","yoast_head_json":{"title":"Mahlk\u00f6nig Guatemala \/ Guatemala SB - Eurosam.sk","robots":{"index":"index","follow":"follow","max-snippet":"max-snippet:-1","max-image-preview":"max-image-preview:large","max-video-preview":"max-video-preview:-1"},"canonical":"https:\/\/www.eurosam.sk\/en\/shop\/mahlkonig-guatemala-guatemala-sb\/","og_locale":"en_US","og_type":"article","og_title":"Mahlk\u00f6nig Guatemala \/ Guatemala SB - Eurosam.sk","og_description":"Mahlk\u00f6nig predstavuje prepracovan\u00fa verziu ob\u013e\u00faben\u00e9ho mlyn\u010deka Guatemala. Klasika pre\u0161la face-liftom pri zachovan\u00ed ob\u013e\u00faben\u00fdch a overen\u00fdch technick\u00fdch \u0161pecifik\u00e1ci\u00ed. Okrem nov\u00e9ho dizajnu prich\u00e1dza t\u00e1to klasika s novou geometriou no\u017eou, zv\u00fd\u0161enou kapacitou z\u00e1sobn\u00edka a elegantn\u00fdm celohlin\u00edkov\u00fdm telom pre maxim\u00e1lnu \u017eivotnos\u0165. \u200b Technick\u00e1 \u0161pecifik\u00e1cia: Vo\u013enobe\u017en\u00e9 ot\u00e1\u010dky: 2900 ot.\/min Priemer fr\u00e9zy:\u00a0 71\u00a0mm Materi\u00e1l fr\u00e9zy:\u00a0 \u0160peci\u00e1lna oce\u013e Priemern\u00fd v\u00fdkon mletia*: cca. 800-900 g\/min; 13-15 g\/s Kapacita z\u00e1sobn\u00edka na zrn\u00e1:\u00a0cca. 900 g Rozmery (\u0161xvxh): 22 x 62 x 33 cm Rozmery balenia (\u0161 xvxh):\u00a047 x\u00a030 x 70 cm Hmotnos\u0165 netto:\u00a0 28 kg Hrub\u00e1 hmotnos\u0165:\u00a0 30 kg Certifik\u00e1ty:\u00a0 CE, CB, ETL Safety, ETL Sanitation  Verzia Guatemala Je vybaven\u00e1 dr\u017eiakom s\u00e1\u010dku a verzia SB vibra\u010dn\u00fdm ko\u0161om.","og_url":"https:\/\/www.eurosam.sk\/shop\/mahlkonig-guatemala-guatemala-sb\/","og_site_name":"Eurosam.sk","article_modified_time":"2025-03-10T20:22:08+00:00","og_image":[{"width":1100,"height":1750,"url":"https:\/\/www.eurosam.sk\/wp-content\/uploads\/2024\/01\/Guatemala-SB.webp","type":"image\/webp"}],"twitter_card":"summary_large_image","twitter_misc":{"Est. reading time":"1 minute"},"schema":{"@context":"https:\/\/schema.org","@graph":[{"@type":"WebPage","@id":"https:\/\/www.eurosam.sk\/shop\/mahlkonig-guatemala-guatemala-sb\/","url":"https:\/\/www.eurosam.sk\/shop\/mahlkonig-guatemala-guatemala-sb\/","name":"Mahlk\u00f6nig Guatemala \/ Guatemala SB - Eurosam.sk","isPartOf":{"@id":"https:\/\/www.eurosam.sk\/#website"},"datePublished":"2024-01-31T21:31:39+00:00","dateModified":"2025-03-10T20:22:08+00:00","breadcrumb":{"@id":"https:\/\/www.eurosam.sk\/shop\/mahlkonig-guatemala-guatemala-sb\/#breadcrumb"},"inLanguage":"en-US","potentialAction":[{"@type":"ReadAction","target":["https:\/\/www.eurosam.sk\/shop\/mahlkonig-guatemala-guatemala-sb\/"]}]},{"@type":"BreadcrumbList","@id":"https:\/\/www.eurosam.sk\/shop\/mahlkonig-guatemala-guatemala-sb\/#breadcrumb","itemListElement":[{"@type":"ListItem","position":1,"name":"Home","item":"https:\/\/www.eurosam.sk\/"},{"@type":"ListItem","position":2,"name":"Configurator","item":"https:\/\/www.eurosam.sk\/en\/coffee-machine-configurator\/"},{"@type":"ListItem","position":3,"name":"Mahlk\u00f6nig Guatemala \/ Guatemala SB"}]},{"@type":"WebSite","@id":"https:\/\/www.eurosam.sk\/#website","url":"https:\/\/www.eurosam.sk\/","name":"Eurosam.sk","description":"EUROSAM v\u00e1m prin\u00e1\u0161a profesion\u00e1lny postup na pr\u00edpravu dokonalej \u0161\u00e1lky k\u00e1vy.","potentialAction":[{"@type":"SearchAction","target":{"@type":"EntryPoint","urlTemplate":"https:\/\/www.eurosam.sk\/?s={search_term_string}"},"query-input":"required name=search_term_string"}],"inLanguage":"en-US"}]}},"_links":{"self":[{"href":"https:\/\/www.eurosam.sk\/en\/wp-json\/wp\/v2\/product\/8486\/"}],"collection":[{"href":"https:\/\/www.eurosam.sk\/en\/wp-json\/wp\/v2\/product\/"}],"about":[{"href":"https:\/\/www.eurosam.sk\/en\/wp-json\/wp\/v2\/types\/product\/"}],"wp:featuredmedia":[{"embeddable":true,"href":"https:\/\/www.eurosam.sk\/en\/wp-json\/wp\/v2\/media\/8487\/"}],"wp:attachment":[{"href":"https:\/\/www.eurosam.sk\/en\/wp-json\/wp\/v2\/media\/?parent=8486"}],"curies":[{"name":"wp","href":"https:\/\/api.w.org\/{rel}","templated":true}]}}